{"id":1232,"date":"2018-03-27T18:40:17","date_gmt":"2018-03-27T17:40:17","guid":{"rendered":"https:\/\/www.arlivre.com\/?page_id=1232"},"modified":"2019-02-02T17:42:38","modified_gmt":"2019-02-02T17:42:38","slug":"arlivre-com-escotismo","status":"publish","type":"page","link":"https:\/\/www.arlivre.com\/wordpress\/","title":{"rendered":"ArLivre.com"},"content":{"rendered":"<p>&nbsp;<\/p>\n<h2>Grupo 94 &#8211; Associa\u00e7\u00e3o dos Escoteiros de Portugal<\/h2>\n<p>&nbsp;<\/p>\n<p><a href=\"https:\/\/www.arlivre.com\/albuns\/\">\u00c1lbuns de Fotografias<\/a><\/p>\n<p><img loading=\"lazy\" decoding=\"async\" class=\"alignleft\" src=\"https:\/\/www.arlivre.com\/wordpress\/wp-content\/uploads\/camera.gif\" width=\"108\" height=\"75\" border=\"0\" align=\"right\"> A Hist\u00f3ria do Grupo em imagens<\/p>\n<p style=\"text-align: right;\"><a class=\"titulo_capitulo\" href=\"\/escotismo\/efemerides.htm\">Efem\u00e9rides<\/a><\/p>\n<p><img loading=\"lazy\" decoding=\"async\" class=\"alignright\" src=\"https:\/\/www.arlivre.com\/wordpress\/wp-content\/uploads\/moldura.jpg\" width=\"75\" height=\"98\" border=\"0\" align=\"right\"><\/p>\n<p style=\"text-align: right;\">Um Resumo da Hist\u00f3ria do Grupo 94<\/p>\n<p>&nbsp;<\/p>\n<p><a class=\"titulo_capitulo\" href=\"\/escotismo\/tecnica_escotista.htm\">Artigos de T\u00e9cnica Escotista<\/a><\/p>\n<p><img loading=\"lazy\" decoding=\"async\" class=\"alignleft\" src=\"https:\/\/www.arlivre.com\/wordpress\/wp-content\/uploads\/no.jpg\" width=\"88\" height=\"78\" border=\"0\" align=\"right\"><\/p>\n<p>Alguns artigos de t\u00e9cnica para Imprimir<\/p>\n<p>&nbsp;<\/p>\n<p style=\"text-align: right;\"><a href=\"https:\/\/www.arlivre.com\/arlivre-com-musicas-escotistas\/\">Cancioneiro<\/a><\/p>\n<p style=\"text-align: right;\"><a class=\"titulo_capitulo\" href=\"https:\/\/www.arlivre.com\/arlivre-com-musicas-escotistas\/\"><img loading=\"lazy\" decoding=\"async\" class=\"alignright\" src=\"https:\/\/www.arlivre.com\/wordpress\/wp-content\/uploads\/musica.jpg\" width=\"150\" height=\"150\" border=\"0\" align=\"right\"><\/a><\/p>\n<p style=\"text-align: right;\">Algumas das letras das m\u00fasicas para consultares ou imprimires<\/p>\n","protected":false},"excerpt":{"rendered":"<p>&nbsp; Grupo 94 &#8211; Associa\u00e7\u00e3o dos Escoteiros de Portugal &nbsp; \u00c1lbuns de Fotografias A Hist\u00f3ria do Grupo em imagens Efem\u00e9rides Um Resumo da Hist\u00f3ria do Grupo 94 &nbsp; Artigos de T\u00e9cnica Escotista Alguns artigos de t\u00e9cnica para Imprimir &nbsp; Cancioneiro Algumas das letras das m\u00fasicas para consultares ou imprimires<\/p>\n","protected":false},"author":1,"featured_media":0,"parent":0,"menu_order":0,"comment_status":"closed","ping_status":"closed","template":"","meta":{"footnotes":""},"class_list":["post-1232","page","type-page","status-publish","hentry"],"_links":{"self":[{"href":"https:\/\/www.arlivre.com\/wordpress\/wp-json\/wp\/v2\/pages\/1232","targetHints":{"allow":["GET"]}}],"collection":[{"href":"https:\/\/www.arlivre.com\/wordpress\/wp-json\/wp\/v2\/pages"}],"about":[{"href":"https:\/\/www.arlivre.com\/wordpress\/wp-json\/wp\/v2\/types\/page"}],"author":[{"embeddable":true,"href":"https:\/\/www.arlivre.com\/wordpress\/wp-json\/wp\/v2\/users\/1"}],"replies":[{"embeddable":true,"href":"https:\/\/www.arlivre.com\/wordpress\/wp-json\/wp\/v2\/comments?post=1232"}],"version-history":[{"count":11,"href":"https:\/\/www.arlivre.com\/wordpress\/wp-json\/wp\/v2\/pages\/1232\/revisions"}],"predecessor-version":[{"id":1365,"href":"https:\/\/www.arlivre.com\/wordpress\/wp-json\/wp\/v2\/pages\/1232\/revisions\/1365"}],"wp:attachment":[{"href":"https:\/\/www.arlivre.com\/wordpress\/wp-json\/wp\/v2\/media?parent=1232"}],"curies":[{"name":"wp","href":"https:\/\/api.w.org\/{rel}","templated":true}]}}